{"id":3,"date":"2023-12-23T12:22:22","date_gmt":"2023-12-23T11:22:22","guid":{"rendered":"https:\/\/www.hotellecalife.com\/?page_id=3"},"modified":"2025-01-23T15:55:45","modified_gmt":"2025-01-23T14:55:45","slug":"conditions-generales-de-vente","status":"publish","type":"page","link":"https:\/\/www.hotellecalife.com\/ar\/conditions-generales-de-vente\/","title":{"rendered":"Conditions g\u00e9n\u00e9rales de vente"},"content":{"rendered":"<div data-elementor-type=\"wp-page\" data-elementor-id=\"3\" class=\"elementor elementor-3\">\n\t\t\t\t<div class=\"elementor-element elementor-element-44dc238 e-con-full e-flex e-con e-parent\" data-id=\"44dc238\" data-element_type=\"container\">\n\t\t<div class=\"elementor-element elementor-element-7830166 e-con-full e-flex e-con e-child\" data-id=\"7830166\" data-element_type=\"container\" data-settings=\"{&quot;background_background&quot;:&quot;classic&quot;}\">\n\t\t\t\t<div class=\"elementor-element elementor-element-9de547d elementor-invisible elementor-widget elementor-widget-heading\" data-id=\"9de547d\" data-element_type=\"widget\" data-settings=\"{&quot;_animation&quot;:&quot;fadeInUp&quot;,&quot;_animation_delay&quot;:200}\" data-widget_type=\"heading.default\">\n\t\t\t\t<div class=\"elementor-widget-container\">\n\t\t\t\t\t<h1 class=\"elementor-heading-title elementor-size-default\">Conditions G\u00e9n\u00e9rales de Vente \u2013 H\u00f4tel Le Calife<\/h1>\t\t\t\t<\/div>\n\t\t\t\t<\/div>\n\t\t\t\t<\/div>\n\t\t\t\t<\/div>\n\t\t<div class=\"elementor-element elementor-element-994a8ee e-flex e-con-boxed e-con e-parent\" data-id=\"994a8ee\" data-element_type=\"container\">\n\t\t\t\t\t<div class=\"e-con-inner\">\n\t\t\t\t<div class=\"elementor-element elementor-element-a8cc16f elementor-widget elementor-widget-heading\" data-id=\"a8cc16f\" data-element_type=\"widget\" data-widget_type=\"heading.default\">\n\t\t\t\t<div class=\"elementor-widget-container\">\n\t\t\t\t\t<h2 class=\"elementor-heading-title elementor-size-default\">Introduction<\/h2>\t\t\t\t<\/div>\n\t\t\t\t<\/div>\n\t\t\t\t<div class=\"elementor-element elementor-element-3df8385 elementor-widget elementor-widget-text-editor\" data-id=\"3df8385\" data-element_type=\"widget\" data-widget_type=\"text-editor.default\">\n\t\t\t\t<div class=\"elementor-widget-container\">\n\t\t\t\t\t\t\t\t\t<p>H\u00f4tel Le Calife vous remercie de votre visite sur notre site. Les conditions g\u00e9n\u00e9rales de vente et les conditions particuli\u00e8res forment un ensemble qui fait partie int\u00e9grante du contrat de vente et dont l\u2019acceptation globale est obligatoire avant la conclusion de toute vente. La demande de r\u00e9servation entra\u00eene l\u2019adh\u00e9sion aux pr\u00e9sentes conditions de vente et l\u2019acceptation compl\u00e8te et sans r\u00e9serve de leurs dispositions.<\/p>\t\t\t\t\t\t\t\t<\/div>\n\t\t\t\t<\/div>\n\t\t\t\t\t<\/div>\n\t\t\t\t<\/div>\n\t\t<div class=\"elementor-element elementor-element-6cd9b13 e-flex e-con-boxed e-con e-parent\" data-id=\"6cd9b13\" data-element_type=\"container\">\n\t\t\t\t\t<div class=\"e-con-inner\">\n\t\t\t\t<div class=\"elementor-element elementor-element-4577544 elementor-widget elementor-widget-heading\" data-id=\"4577544\" data-element_type=\"widget\" data-widget_type=\"heading.default\">\n\t\t\t\t<div class=\"elementor-widget-container\">\n\t\t\t\t\t<h2 class=\"elementor-heading-title elementor-size-default\">Contenu, Liens et Responsabilit\u00e9<\/h2>\t\t\t\t<\/div>\n\t\t\t\t<\/div>\n\t\t\t\t<div class=\"elementor-element elementor-element-131115b elementor-widget elementor-widget-text-editor\" data-id=\"131115b\" data-element_type=\"widget\" data-widget_type=\"text-editor.default\">\n\t\t\t\t<div class=\"elementor-widget-container\">\n\t\t\t\t\t\t\t\t\t<p>H\u00f4tel Le Calife s\u2019efforce de fournir des informations exactes sur ce site. Toutefois, nous d\u00e9clinons toute responsabilit\u00e9 concernant le contenu des sites externes accessibles par des hyperliens. La pr\u00e9sence d\u2019un lien vers un site tiers ne constitue pas une validation de son contenu.<\/p>\t\t\t\t\t\t\t\t<\/div>\n\t\t\t\t<\/div>\n\t\t\t\t\t<\/div>\n\t\t\t\t<\/div>\n\t\t<div class=\"elementor-element elementor-element-996a224 e-flex e-con-boxed e-con e-parent\" data-id=\"996a224\" data-element_type=\"container\">\n\t\t\t\t\t<div class=\"e-con-inner\">\n\t\t\t\t<div class=\"elementor-element elementor-element-9512a61 elementor-widget elementor-widget-heading\" data-id=\"9512a61\" data-element_type=\"widget\" data-widget_type=\"heading.default\">\n\t\t\t\t<div class=\"elementor-widget-container\">\n\t\t\t\t\t<h2 class=\"elementor-heading-title elementor-size-default\">Droits de Propri\u00e9t\u00e9 Intellectuelle<\/h2>\t\t\t\t<\/div>\n\t\t\t\t<\/div>\n\t\t\t\t<div class=\"elementor-element elementor-element-f0b9b7f elementor-widget elementor-widget-text-editor\" data-id=\"f0b9b7f\" data-element_type=\"widget\" data-widget_type=\"text-editor.default\">\n\t\t\t\t<div class=\"elementor-widget-container\">\n\t\t\t\t\t\t\t\t\t<p>Le contenu de ce site web est \u00e9galement couvert par le droit d\u2019auteur. Tous les droits (y inclus les droits de propri\u00e9t\u00e9 intellectuelle) li\u00e9s au contenu de ce site web demeurent la propri\u00e9t\u00e9 compl\u00e8te d\u2019H\u00f4tel Le Calife.<\/p>\t\t\t\t\t\t\t\t<\/div>\n\t\t\t\t<\/div>\n\t\t\t\t\t<\/div>\n\t\t\t\t<\/div>\n\t\t<div class=\"elementor-element elementor-element-6fab1ed e-flex e-con-boxed e-con e-parent\" data-id=\"6fab1ed\" data-element_type=\"container\">\n\t\t\t\t\t<div class=\"e-con-inner\">\n\t\t\t\t<div class=\"elementor-element elementor-element-bd9f67a elementor-widget elementor-widget-heading\" data-id=\"bd9f67a\" data-element_type=\"widget\" data-widget_type=\"heading.default\">\n\t\t\t\t<div class=\"elementor-widget-container\">\n\t\t\t\t\t<h2 class=\"elementor-heading-title elementor-size-default\">Effectuer une R\u00e9servation<\/h2>\t\t\t\t<\/div>\n\t\t\t\t<\/div>\n\t\t\t\t<div class=\"elementor-element elementor-element-5cccaf1 elementor-widget elementor-widget-text-editor\" data-id=\"5cccaf1\" data-element_type=\"widget\" data-widget_type=\"text-editor.default\">\n\t\t\t\t<div class=\"elementor-widget-container\">\n\t\t\t\t\t\t\t\t\t<p>Les d\u00e9tails relatifs aux dates, \u00e0 la disponibilit\u00e9, aux tarifs, aux modalit\u00e9s de paiement et aux conditions sp\u00e9cifiques sont clairement pr\u00e9sent\u00e9s lors du processus de r\u00e9servation. Nous vous invitons \u00e0 v\u00e9rifier attentivement ces informations avant de finaliser votre demande. <br \/>Une r\u00e9servation est confirm\u00e9e et le contrat devient effectif d\u00e8s r\u00e9ception de notre confirmation accompagn\u00e9e d\u2019un num\u00e9ro de r\u00e9servation valide. Si des erreurs ou modifications sont n\u00e9cessaires apr\u00e8s r\u00e9ception de cette confirmation, contactez-nous rapidement, car certaines corrections peuvent ne plus \u00eatre possibles. Heure d\u2019arriv\u00e9e (check-in) : \u00e0 partir de 13h00.Heure de d\u00e9part (check-out) : avant 12h00.<\/p><p>Toute demande de d\u00e9part tardif ou d\u2019extension de s\u00e9jour devra \u00eatre valid\u00e9e en fonction de la disponibilit\u00e9.<\/p>\t\t\t\t\t\t\t\t<\/div>\n\t\t\t\t<\/div>\n\t\t\t\t\t<\/div>\n\t\t\t\t<\/div>\n\t\t<div class=\"elementor-element elementor-element-1e42dc4 e-flex e-con-boxed e-con e-parent\" data-id=\"1e42dc4\" data-element_type=\"container\">\n\t\t\t\t\t<div class=\"e-con-inner\">\n\t\t\t\t<div class=\"elementor-element elementor-element-d0ae3f5 elementor-widget elementor-widget-heading\" data-id=\"d0ae3f5\" data-element_type=\"widget\" data-widget_type=\"heading.default\">\n\t\t\t\t<div class=\"elementor-widget-container\">\n\t\t\t\t\t<h2 class=\"elementor-heading-title elementor-size-default\">Payez Votre R\u00e9servation<\/h2>\t\t\t\t<\/div>\n\t\t\t\t<\/div>\n\t\t\t\t<div class=\"elementor-element elementor-element-ce19e40 elementor-widget elementor-widget-text-editor\" data-id=\"ce19e40\" data-element_type=\"widget\" data-widget_type=\"text-editor.default\">\n\t\t\t\t<div class=\"elementor-widget-container\">\n\t\t\t\t\t\t\t\t\t<ol start=\"1\"><li><p><strong>Informations de carte bancaire :<\/strong><br \/>Lors de la r\u00e9servation, le client doit fournir les informations de sa carte bancaire pour garantir la r\u00e9servation.<\/p><\/li><li><p><strong>R\u00e9servations annulables :<\/strong><\/p><ul><li><p>Le client peut annuler sa r\u00e9servation\u00a0<strong>sans frais jusqu\u2019\u00e0 2 jours avant la date d\u2019arriv\u00e9e<\/strong>.<\/p><\/li><li><p>En cas d\u2019annulation\u00a0<strong>\u00e0 partir de la veille (1 jour avant)<\/strong>\u00a0ou\u00a0<strong>le jour m\u00eame de l\u2019arriv\u00e9e<\/strong>, ou en cas de\u00a0<strong>non-pr\u00e9sentation<\/strong>, l\u2019h\u00f4tel retiendra un montant \u00e9quivalent \u00e0 la\u00a0<strong>premi\u00e8re nuit\u00e9e<\/strong>.<\/p><\/li><\/ul><\/li><li><p><strong>R\u00e9servations non annulables :<\/strong><\/p><ul><li><p>Les tarifs non annulables ne permettent\u00a0<strong>ni annulation, ni modification, ni remboursement<\/strong>.<\/p><\/li><li><p>Un\u00a0<strong>pr\u00e9paiement de 100 % du montant du s\u00e9jour<\/strong>\u00a0est exig\u00e9 au moment de la r\u00e9servation.<\/p><\/li><\/ul><\/li><\/ol>\t\t\t\t\t\t\t\t<\/div>\n\t\t\t\t<\/div>\n\t\t\t\t\t<\/div>\n\t\t\t\t<\/div>\n\t\t<div class=\"elementor-element elementor-element-fcdd889 e-flex e-con-boxed e-con e-parent\" data-id=\"fcdd889\" data-element_type=\"container\">\n\t\t\t\t\t<div class=\"e-con-inner\">\n\t\t\t\t<div class=\"elementor-element elementor-element-85302c0 elementor-widget elementor-widget-heading\" data-id=\"85302c0\" data-element_type=\"widget\" data-widget_type=\"heading.default\">\n\t\t\t\t<div class=\"elementor-widget-container\">\n\t\t\t\t\t<h2 class=\"elementor-heading-title elementor-size-default\">Prix<\/h2>\t\t\t\t<\/div>\n\t\t\t\t<\/div>\n\t\t\t\t<div class=\"elementor-element elementor-element-07519cf elementor-widget elementor-widget-text-editor\" data-id=\"07519cf\" data-element_type=\"widget\" data-widget_type=\"text-editor.default\">\n\t\t\t\t<div class=\"elementor-widget-container\">\n\t\t\t\t\t\t\t\t\t<p>Les prix sont indiqu\u00e9s en Euro (\u20ac). La TVA est toujours comprise. Les prix indiqu\u00e9s ne comprennent que les prestations strictement mentionn\u00e9es dans la r\u00e9servation. Au prix mentionn\u00e9 dans la r\u00e9servation seront ajout\u00e9es, lors de la facturation, les prestations compl\u00e9mentaires fournies par l\u2019h\u00f4telier lors du s\u00e9jour et la taxe de s\u00e9jour. Les prix applicables sont ceux en vigueur au jour de la r\u00e9servation. L\u2019h\u00f4telier est libre de faire varier ses prix \u00e0 tout moment. Aussi, le prix affich\u00e9 lors d\u2019une visite sur le site de l\u2019h\u00f4tel le calife n\u2019est valable que pour les commandes prises pendant la dur\u00e9e de son affichage. Seul le prix indiqu\u00e9 dans la confirmation de r\u00e9servation est contractuel. La taxe de s\u00e9jour, pr\u00e9sent\u00e9e sur la page des tarifs, est \u00e0 r\u00e9gler directement sur place \u00e0 l\u2019H\u00f4tel. De m\u00eame, toute modification ou instauration de nouvelles taxes l\u00e9gales ou r\u00e8glementaires impos\u00e9es par les autorit\u00e9s comp\u00e9tentes seront automatiquement r\u00e9percut\u00e9es sur les prix indiqu\u00e9s \u00e0 la date de la facturation<\/p>\t\t\t\t\t\t\t\t<\/div>\n\t\t\t\t<\/div>\n\t\t\t\t\t<\/div>\n\t\t\t\t<\/div>\n\t\t<div class=\"elementor-element elementor-element-d86c0fb e-flex e-con-boxed e-con e-parent\" data-id=\"d86c0fb\" data-element_type=\"container\">\n\t\t\t\t\t<div class=\"e-con-inner\">\n\t\t\t\t<div class=\"elementor-element elementor-element-09724fa elementor-widget elementor-widget-heading\" data-id=\"09724fa\" data-element_type=\"widget\" data-widget_type=\"heading.default\">\n\t\t\t\t<div class=\"elementor-widget-container\">\n\t\t\t\t\t<h2 class=\"elementor-heading-title elementor-size-default\">Taxe de S\u00e9jour<\/h2>\t\t\t\t<\/div>\n\t\t\t\t<\/div>\n\t\t\t\t<div class=\"elementor-element elementor-element-3925f9d elementor-widget elementor-widget-text-editor\" data-id=\"3925f9d\" data-element_type=\"widget\" data-widget_type=\"text-editor.default\">\n\t\t\t\t<div class=\"elementor-widget-container\">\n\t\t\t\t\t\t\t\t\t<p>La taxe de s\u00e9jour, fix\u00e9e \u00e0 (1,2\u20ac\/personne\/nuit, jusqu&#8217;\u00e0 7 nuits), n&#8217;est pas incluse dans le tarif de la r\u00e9servation et doit \u00eatre r\u00e9gl\u00e9e sur place. Veuillez noter que la tarification est sujette \u00e0 changement conform\u00e9ment aux directives de l&#8217;\u00c9tat Tunisien.<\/p>\t\t\t\t\t\t\t\t<\/div>\n\t\t\t\t<\/div>\n\t\t\t\t\t<\/div>\n\t\t\t\t<\/div>\n\t\t<div class=\"elementor-element elementor-element-094952c e-flex e-con-boxed e-con e-parent\" data-id=\"094952c\" data-element_type=\"container\">\n\t\t\t\t\t<div class=\"e-con-inner\">\n\t\t\t\t<div class=\"elementor-element elementor-element-59d71c0 elementor-widget elementor-widget-heading\" data-id=\"59d71c0\" data-element_type=\"widget\" data-widget_type=\"heading.default\">\n\t\t\t\t<div class=\"elementor-widget-container\">\n\t\t\t\t\t<h2 class=\"elementor-heading-title elementor-size-default\">Animaux de Compagnie<\/h2>\t\t\t\t<\/div>\n\t\t\t\t<\/div>\n\t\t\t\t<div class=\"elementor-element elementor-element-30f69ec elementor-widget elementor-widget-text-editor\" data-id=\"30f69ec\" data-element_type=\"widget\" data-widget_type=\"text-editor.default\">\n\t\t\t\t<div class=\"elementor-widget-container\">\n\t\t\t\t\t\t\t\t\t<p>Nous accueillons les petits animaux de compagnie \u00e0 l&#8217;H\u00f4tel Le Calife. Des frais suppl\u00e9mentaires s&#8217;appliquent pour leur s\u00e9jour. Pour plus de d\u00e9tails sur les conditions et les tarifs, veuillez consulter la section d\u00e9di\u00e9e lors du processus de r\u00e9servation.<\/p>\t\t\t\t\t\t\t\t<\/div>\n\t\t\t\t<\/div>\n\t\t\t\t\t<\/div>\n\t\t\t\t<\/div>\n\t\t<div class=\"elementor-element elementor-element-8109bf8 e-flex e-con-boxed e-con e-parent\" data-id=\"8109bf8\" data-element_type=\"container\">\n\t\t\t\t\t<div class=\"e-con-inner\">\n\t\t\t\t<div class=\"elementor-element elementor-element-da19405 elementor-widget elementor-widget-heading\" data-id=\"da19405\" data-element_type=\"widget\" data-widget_type=\"heading.default\">\n\t\t\t\t<div class=\"elementor-widget-container\">\n\t\t\t\t\t<h2 class=\"elementor-heading-title elementor-size-default\">Pr\u00e9cision<\/h2>\t\t\t\t<\/div>\n\t\t\t\t<\/div>\n\t\t\t\t<div class=\"elementor-element elementor-element-3f8e5c8 elementor-widget elementor-widget-text-editor\" data-id=\"3f8e5c8\" data-element_type=\"widget\" data-widget_type=\"text-editor.default\">\n\t\t\t\t<div class=\"elementor-widget-container\">\n\t\t\t\t\t\t\t\t\t<p>Nous vous informons irr\u00e9vocablement que tous les tarifs et toutes les informations sur notre site et dans nos documents marketing sont exacts ; toutefois, des erreurs et des changements peuvent se produire, et nous nous r\u00e9servons le plein droit dans ce cas de rectifier les tarifs et autres informations. Vous \u00eates pri\u00e9 de v\u00e9rifier le tarif en vigueur et tous les autres d\u00e9tails relatifs \u00e0 votre voyage avant d\u2019effectuer la r\u00e9servation.<\/p>\t\t\t\t\t\t\t\t<\/div>\n\t\t\t\t<\/div>\n\t\t\t\t\t<\/div>\n\t\t\t\t<\/div>\n\t\t<div class=\"elementor-element elementor-element-aef7b14 e-flex e-con-boxed e-con e-parent\" data-id=\"aef7b14\" data-element_type=\"container\">\n\t\t\t\t\t<div class=\"e-con-inner\">\n\t\t\t\t<div class=\"elementor-element elementor-element-51f9c19 elementor-widget elementor-widget-heading\" data-id=\"51f9c19\" data-element_type=\"widget\" data-widget_type=\"heading.default\">\n\t\t\t\t<div class=\"elementor-widget-container\">\n\t\t\t\t\t<h2 class=\"elementor-heading-title elementor-size-default\">Modifications de Votre Part<\/h2>\t\t\t\t<\/div>\n\t\t\t\t<\/div>\n\t\t\t\t<div class=\"elementor-element elementor-element-7707311 elementor-widget elementor-widget-text-editor\" data-id=\"7707311\" data-element_type=\"widget\" data-widget_type=\"text-editor.default\">\n\t\t\t\t<div class=\"elementor-widget-container\">\n\t\t\t\t\t\t\t\t\t<p>Si vous d\u00e9sirez introduire des changements dans votre r\u00e9servation confirm\u00e9e, il faudra suivre les proc\u00e9dures inscrites dans votre confirmation de r\u00e9servation. Malgr\u00e9 nos efforts pour vous assister, nous regrettons de ne pouvoir r\u00e9pondre \u00e0 toutes les demandes de modification. Si un changement peut \u00eatre effectu\u00e9, tous les frais suppl\u00e9mentaires seront \u00e0 votre charge. Merci de consulter \u00e9galement les conditions sp\u00e9cifiques qui vous ont \u00e9t\u00e9 indiqu\u00e9es au moment de la r\u00e9servation.<\/p>\t\t\t\t\t\t\t\t<\/div>\n\t\t\t\t<\/div>\n\t\t\t\t\t<\/div>\n\t\t\t\t<\/div>\n\t\t<div class=\"elementor-element elementor-element-eb4820e e-flex e-con-boxed e-con e-parent\" data-id=\"eb4820e\" data-element_type=\"container\">\n\t\t\t\t\t<div class=\"e-con-inner\">\n\t\t\t\t<div class=\"elementor-element elementor-element-10c38a2 elementor-widget elementor-widget-heading\" data-id=\"10c38a2\" data-element_type=\"widget\" data-widget_type=\"heading.default\">\n\t\t\t\t<div class=\"elementor-widget-container\">\n\t\t\t\t\t<h2 class=\"elementor-heading-title elementor-size-default\">Annulation de Votre Part<\/h2>\t\t\t\t<\/div>\n\t\t\t\t<\/div>\n\t\t\t\t<div class=\"elementor-element elementor-element-983290c elementor-widget elementor-widget-text-editor\" data-id=\"983290c\" data-element_type=\"widget\" data-widget_type=\"text-editor.default\">\n\t\t\t\t<div class=\"elementor-widget-container\">\n\t\t\t\t\t\t\t\t\t<p>Si vous d\u00e9sirez annuler votre r\u00e9servation apr\u00e8s sa confirmation, il faudra suivre la proc\u00e9dure inscrite dans votre confirmation de r\u00e9servation. Merci de prendre en consid\u00e9ration que certaines r\u00e9servations ne sont pas remboursables.<\/p>\t\t\t\t\t\t\t\t<\/div>\n\t\t\t\t<\/div>\n\t\t\t\t\t<\/div>\n\t\t\t\t<\/div>\n\t\t<div class=\"elementor-element elementor-element-e3579df e-flex e-con-boxed e-con e-parent\" data-id=\"e3579df\" data-element_type=\"container\">\n\t\t\t\t\t<div class=\"e-con-inner\">\n\t\t\t\t<div class=\"elementor-element elementor-element-73b9162 elementor-widget elementor-widget-heading\" data-id=\"73b9162\" data-element_type=\"widget\" data-widget_type=\"heading.default\">\n\t\t\t\t<div class=\"elementor-widget-container\">\n\t\t\t\t\t<h1 class=\"elementor-heading-title elementor-size-default\">R\u00e8glement Int\u00e9rieur de l\u2019H\u00f4tel<\/h1>\t\t\t\t<\/div>\n\t\t\t\t<\/div>\n\t\t\t\t<div class=\"elementor-element elementor-element-6c8e692 elementor-widget elementor-widget-heading\" data-id=\"6c8e692\" data-element_type=\"widget\" data-widget_type=\"heading.default\">\n\t\t\t\t<div class=\"elementor-widget-container\">\n\t\t\t\t\t<h1 class=\"elementor-heading-title elementor-size-default\">\u0627\u0644\u0635\u0641\u062d\u0629 \u0627\u0644\u0631\u0626\u064a\u0633\u064a\u0629<\/h1>\t\t\t\t<\/div>\n\t\t\t\t<\/div>\n\t\t\t\t<div class=\"elementor-element elementor-element-1839351 elementor-widget elementor-widget-text-editor\" data-id=\"1839351\" data-element_type=\"widget\" data-widget_type=\"text-editor.default\">\n\t\t\t\t<div class=\"elementor-widget-container\">\n\t\t\t\t\t\t\t\t\t<p>Les clients dont le comportement bruyant, inappropri\u00e9 en \u00e9tat d\u2019\u00e9bri\u00e9t\u00e9, ce qui est contraire \u00e0 la morale et \u00e0 l\u2019ordre public, ne peuvent pas \u00eatre re\u00e7us par H\u00f4tel Le Calife. Toute personne souhaitant s\u00e9journer \u00e0 l\u2019h\u00f4tel est tenue de communiquer son identit\u00e9 et celle des personnes qui l\u2019accompagnent.<\/p>\t\t\t\t\t\t\t\t<\/div>\n\t\t\t\t<\/div>\n\t\t\t\t\t<\/div>\n\t\t\t\t<\/div>\n\t\t<div class=\"elementor-element elementor-element-9ad8b57 e-flex e-con-boxed e-con e-parent\" data-id=\"9ad8b57\" data-element_type=\"container\">\n\t\t\t\t\t<div class=\"e-con-inner\">\n\t\t\t\t<div class=\"elementor-element elementor-element-e1bf786 elementor-widget elementor-widget-heading\" data-id=\"e1bf786\" data-element_type=\"widget\" data-widget_type=\"heading.default\">\n\t\t\t\t<div class=\"elementor-widget-container\">\n\t\t\t\t\t<h2 class=\"elementor-heading-title elementor-size-default\">Occupation des Chambres<\/h2>\t\t\t\t<\/div>\n\t\t\t\t<\/div>\n\t\t\t\t<div class=\"elementor-element elementor-element-a67411b elementor-widget elementor-widget-text-editor\" data-id=\"a67411b\" data-element_type=\"widget\" data-widget_type=\"text-editor.default\">\n\t\t\t\t<div class=\"elementor-widget-container\">\n\t\t\t\t\t\t\t\t\t<p>Il est interdit au client de faire entrer dans la chambre des passagers qui ne sont pas identifi\u00e9s par l\u2019h\u00f4tel, sauf si une autorisation lui a \u00e9t\u00e9 accord\u00e9e par l\u2019h\u00f4tel. De m\u00eame, le client ne peut pas r\u00e9server une chambre pour un nombre de personnes sup\u00e9rieur \u00e0 celui pr\u00e9vu par la r\u00e9glementation en vigueur.<\/p>\t\t\t\t\t\t\t\t<\/div>\n\t\t\t\t<\/div>\n\t\t\t\t\t<\/div>\n\t\t\t\t<\/div>\n\t\t<div class=\"elementor-element elementor-element-4092778 e-flex e-con-boxed e-con e-parent\" data-id=\"4092778\" data-element_type=\"container\">\n\t\t\t\t\t<div class=\"e-con-inner\">\n\t\t\t\t<div class=\"elementor-element elementor-element-d2375be elementor-widget elementor-widget-heading\" data-id=\"d2375be\" data-element_type=\"widget\" data-widget_type=\"heading.default\">\n\t\t\t\t<div class=\"elementor-widget-container\">\n\t\t\t\t\t<h2 class=\"elementor-heading-title elementor-size-default\">Acc\u00e8s aux Chambres<\/h2>\t\t\t\t<\/div>\n\t\t\t\t<\/div>\n\t\t\t\t<div class=\"elementor-element elementor-element-969aa80 elementor-widget elementor-widget-text-editor\" data-id=\"969aa80\" data-element_type=\"widget\" data-widget_type=\"text-editor.default\">\n\t\t\t\t<div class=\"elementor-widget-container\">\n\t\t\t\t\t\t\t\t\t<p>\u00c0 son arriv\u00e9e, sauf accord de l\u2019h\u00f4tel, le client ne peut exiger d\u2019occuper la chambre avant 13H00. Un service de bagagerie permet aux clients de confier leurs bagages.<\/p>\t\t\t\t\t\t\t\t<\/div>\n\t\t\t\t<\/div>\n\t\t\t\t\t<\/div>\n\t\t\t\t<\/div>\n\t\t<div class=\"elementor-element elementor-element-187bbc6 e-flex e-con-boxed e-con e-parent\" data-id=\"187bbc6\" data-element_type=\"container\">\n\t\t\t\t\t<div class=\"e-con-inner\">\n\t\t\t\t<div class=\"elementor-element elementor-element-081c155 elementor-widget elementor-widget-heading\" data-id=\"081c155\" data-element_type=\"widget\" data-widget_type=\"heading.default\">\n\t\t\t\t<div class=\"elementor-widget-container\">\n\t\t\t\t\t<h2 class=\"elementor-heading-title elementor-size-default\">Gestion des Clefs<\/h2>\t\t\t\t<\/div>\n\t\t\t\t<\/div>\n\t\t\t\t<div class=\"elementor-element elementor-element-5c2a9a9 elementor-widget elementor-widget-text-editor\" data-id=\"5c2a9a9\" data-element_type=\"widget\" data-widget_type=\"text-editor.default\">\n\t\t\t\t<div class=\"elementor-widget-container\">\n\t\t\t\t\t\t\t\t\t<p>La cl\u00e9 doit \u00eatre rendue \u00e0 chaque sortie de l\u2019h\u00f4tel et au d\u00e9part.<\/p>\t\t\t\t\t\t\t\t<\/div>\n\t\t\t\t<\/div>\n\t\t\t\t\t<\/div>\n\t\t\t\t<\/div>\n\t\t<div class=\"elementor-element elementor-element-ff1e591 e-flex e-con-boxed e-con e-parent\" data-id=\"ff1e591\" data-element_type=\"container\">\n\t\t\t\t\t<div class=\"e-con-inner\">\n\t\t\t\t<div class=\"elementor-element elementor-element-7f1cb35 elementor-widget elementor-widget-heading\" data-id=\"7f1cb35\" data-element_type=\"widget\" data-widget_type=\"heading.default\">\n\t\t\t\t<div class=\"elementor-widget-container\">\n\t\t\t\t\t<h2 class=\"elementor-heading-title elementor-size-default\">Nuisances et Respect des Autres Clients<\/h2>\t\t\t\t<\/div>\n\t\t\t\t<\/div>\n\t\t\t\t<div class=\"elementor-element elementor-element-b6d5526 elementor-widget elementor-widget-text-editor\" data-id=\"b6d5526\" data-element_type=\"widget\" data-widget_type=\"text-editor.default\">\n\t\t\t\t<div class=\"elementor-widget-container\">\n\t\t\t\t\t\t\t\t\t<p>Dans l\u2019int\u00e9r\u00eat de la tranquillit\u00e9 de l\u2019\u00e9tablissement et pour le respect et le repos de nos clients, il est interdit de faire du bruit, m\u00eame pendant la journ\u00e9e. Le client qui provoque des troubles sous toutes ses formes sera pri\u00e9 de quitter l\u2019h\u00f4tel imm\u00e9diatement et sans remboursement de son s\u00e9jour.<\/p>\t\t\t\t\t\t\t\t<\/div>\n\t\t\t\t<\/div>\n\t\t\t\t\t<\/div>\n\t\t\t\t<\/div>\n\t\t<div class=\"elementor-element elementor-element-7641b6b e-flex e-con-boxed e-con e-parent\" data-id=\"7641b6b\" data-element_type=\"container\">\n\t\t\t\t\t<div class=\"e-con-inner\">\n\t\t\t\t<div class=\"elementor-element elementor-element-98f173f elementor-widget elementor-widget-heading\" data-id=\"98f173f\" data-element_type=\"widget\" data-widget_type=\"heading.default\">\n\t\t\t\t<div class=\"elementor-widget-container\">\n\t\t\t\t\t<h2 class=\"elementor-heading-title elementor-size-default\">Responsabilit\u00e9s<\/h2>\t\t\t\t<\/div>\n\t\t\t\t<\/div>\n\t\t\t\t<div class=\"elementor-element elementor-element-c60db45 elementor-widget elementor-widget-text-editor\" data-id=\"c60db45\" data-element_type=\"widget\" data-widget_type=\"text-editor.default\">\n\t\t\t\t<div class=\"elementor-widget-container\">\n\t\t\t\t\t\t\t\t\t<p>Tous les enfants sont les bienvenus. Par contre, la responsabilit\u00e9 des enfants est pleinement assum\u00e9e par le client. Pour tout dommage ou d\u00e9g\u00e2t provoqu\u00e9 volontairement ou involontairement, le client devra le rembourser.<\/p>\t\t\t\t\t\t\t\t<\/div>\n\t\t\t\t<\/div>\n\t\t\t\t\t<\/div>\n\t\t\t\t<\/div>\n\t\t\t\t<\/div>","protected":false},"excerpt":{"rendered":"<p>Conditions G\u00e9n\u00e9rales de Vente \u2013 H\u00f4tel Le Calife Introduction H\u00f4tel Le Calife vous remercie de votre visite sur notre site. Les conditions g\u00e9n\u00e9rales de vente et les conditions particuli\u00e8res forment un ensemble qui fait partie int\u00e9grante du contrat de vente et dont l\u2019acceptation globale est obligatoire avant la conclusion de toute vente. La demande de [&hellip;]<\/p>","protected":false},"author":1,"featured_media":0,"parent":0,"menu_order":0,"comment_status":"closed","ping_status":"closed","template":"elementor_header_footer","meta":{"footnotes":"","_glsr_average":0,"_glsr_ranking":0,"_glsr_reviews":0},"aioseo_notices":[],"_links":{"self":[{"href":"https:\/\/www.hotellecalife.com\/ar\/wp-json\/wp\/v2\/pages\/3"}],"collection":[{"href":"https:\/\/www.hotellecalife.com\/ar\/wp-json\/wp\/v2\/pages"}],"about":[{"href":"https:\/\/www.hotellecalife.com\/ar\/wp-json\/wp\/v2\/types\/page"}],"author":[{"embeddable":true,"href":"https:\/\/www.hotellecalife.com\/ar\/wp-json\/wp\/v2\/users\/1"}],"replies":[{"embeddable":true,"href":"https:\/\/www.hotellecalife.com\/ar\/wp-json\/wp\/v2\/comments?post=3"}],"version-history":[{"count":41,"href":"https:\/\/www.hotellecalife.com\/ar\/wp-json\/wp\/v2\/pages\/3\/revisions"}],"predecessor-version":[{"id":8734,"href":"https:\/\/www.hotellecalife.com\/ar\/wp-json\/wp\/v2\/pages\/3\/revisions\/8734"}],"wp:attachment":[{"href":"https:\/\/www.hotellecalife.com\/ar\/wp-json\/wp\/v2\/media?parent=3"}],"curies":[{"name":"wp","href":"https:\/\/api.w.org\/{rel}","templated":true}]}}