{"id":428,"date":"2023-07-26T09:16:59","date_gmt":"2023-07-26T09:16:59","guid":{"rendered":"https:\/\/demo.ovatheme.com\/qomfort\/?page_id=428"},"modified":"2025-01-20T11:52:14","modified_gmt":"2025-01-20T10:52:14","slug":"faq","status":"publish","type":"page","link":"https:\/\/www.hotellecalife.com\/ar\/faq\/","title":{"rendered":"\u0627\u0644\u0623\u0633\u0626\u0644\u0629 \u0627\u0644\u0645\u062a\u0643\u0631\u0631\u0629"},"content":{"rendered":"<div data-elementor-type=\"wp-page\" data-elementor-id=\"428\" class=\"elementor elementor-428\">\n\t\t\t\t<div class=\"elementor-element elementor-element-ef414e9 e-flex e-con-boxed e-con e-parent\" data-id=\"ef414e9\" data-element_type=\"container\" data-settings=\"{&quot;background_background&quot;:&quot;classic&quot;}\">\n\t\t\t\t\t<div class=\"e-con-inner\">\n\t\t\t\t<div class=\"elementor-element elementor-element-fd7065a elementor-widget elementor-widget-heading\" data-id=\"fd7065a\" data-element_type=\"widget\" data-widget_type=\"heading.default\">\n\t\t\t\t<div class=\"elementor-widget-container\">\n\t\t\t\t\t<h2 class=\"elementor-heading-title elementor-size-default\">\u0627\u0644\u0623\u0633\u0626\u0644\u0629 \u0627\u0644\u0645\u062a\u0643\u0631\u0631\u0629<\/h2>\t\t\t\t<\/div>\n\t\t\t\t<\/div>\n\t\t\t\t<div class=\"elementor-element elementor-element-db8aae3 elementor-widget elementor-widget-text-editor\" data-id=\"db8aae3\" data-element_type=\"widget\" data-widget_type=\"text-editor.default\">\n\t\t\t\t<div class=\"elementor-widget-container\">\n\t\t\t\t\t\t\t\t\t<p>\u0645\u0631\u062d\u0628\u064b\u0627 \u0628\u0643\u0645 \u0641\u064a \u0642\u0633\u0645 \u0627\u0644\u0623\u0633\u0626\u0644\u0629 \u0627\u0644\u0634\u0627\u0626\u0639\u0629 ! \u062a\u0645 \u062a\u0635\u0645\u064a\u0645 \u0647\u0630\u0627 \u0627\u0644\u0642\u0633\u0645 \u0644\u0644\u0625\u062c\u0627\u0628\u0629 \u0639\u0644\u0649 \u0627\u0644\u0627\u0633\u062a\u0641\u0633\u0627\u0631\u0627\u062a \u0627\u0644\u0623\u0643\u062b\u0631 \u0634\u064a\u0648\u0639\u064b\u0627 \u062d\u0648\u0644 \u0641\u0646\u062f\u0642 \u0627\u0644\u062e\u0644\u064a\u0641\u0629 \u0648\u0645\u0648\u0642\u0639\u0647 \u0627\u0644\u0625\u0644\u0643\u062a\u0631\u0648\u0646\u064a. \u0627\u0633\u062a\u0639\u0631\u0636 \u0627\u0644\u0623\u0633\u0626\u0644\u0629 \u0623\u062f\u0646\u0627\u0647 \u0644\u0644\u062d\u0635\u0648\u0644 \u0639\u0644\u0649 \u0645\u0639\u0644\u0648\u0645\u0627\u062a \u0645\u0641\u064a\u062f\u0629 \u062d\u0648\u0644 \u0627\u0644\u063a\u0631\u0641 \u0648\u0627\u0644\u062e\u062f\u0645\u0627\u062a \u0648\u0627\u0644\u062d\u062c\u0648\u0632\u0627\u062a \u0639\u0628\u0631 \u0627\u0644\u0625\u0646\u062a\u0631\u0646\u062a<\/p>\t\t\t\t\t\t\t\t<\/div>\n\t\t\t\t<\/div>\n\t\t\t\t\t<\/div>\n\t\t\t\t<\/div>\n\t\t\t\t<section class=\"elementor-section elementor-top-section elementor-element elementor-element-ce63d94 elementor-section-boxed elementor-section-height-default elementor-section-height-default\" data-id=\"ce63d94\" data-element_type=\"section\">\n\t\t\t\t\t\t<div class=\"elementor-container elementor-column-gap-default\">\n\t\t\t\t\t<div class=\"elementor-column elementor-col-50 elementor-top-column elementor-element elementor-element-d5be742\" data-id=\"d5be742\" data-element_type=\"column\">\n\t\t\t<div class=\"elementor-widget-wrap elementor-element-populated\">\n\t\t\t\t\t\t<div class=\"elementor-element elementor-element-8173693 elementor-widget__width-initial elementor-widget-tablet__width-inherit elementor-widget elementor-widget-image\" data-id=\"8173693\" data-element_type=\"widget\" data-widget_type=\"image.default\">\n\t\t\t\t<div class=\"elementor-widget-container\">\n\t\t\t\t\t\t\t\t\t\t\t\t\t\t\t<img decoding=\"async\" src=\"https:\/\/www.hotellecalife.com\/wp-content\/uploads\/elementor\/thumbs\/lecalife-balcon-r01crhqvugi2j3zgrgs7pqpewgvb293k3jfcsqm1rk.webp\" title=\"lecalife-balcon\" alt=\"lecalife-balcon\" loading=\"lazy\" \/>\t\t\t\t\t\t\t\t\t\t\t\t\t\t\t<\/div>\n\t\t\t\t<\/div>\n\t\t\t\t\t<\/div>\n\t\t<\/div>\n\t\t\t\t<div class=\"elementor-column elementor-col-50 elementor-top-column elementor-element elementor-element-3b717c7\" data-id=\"3b717c7\" data-element_type=\"column\">\n\t\t\t<div class=\"elementor-widget-wrap elementor-element-populated\">\n\t\t\t\t\t\t<div class=\"elementor-element elementor-element-bab7edc elementor-widget elementor-widget-qomfort_elementor_heading\" data-id=\"bab7edc\" data-element_type=\"widget\" data-widget_type=\"qomfort_elementor_heading.default\">\n\t\t\t\t<div class=\"elementor-widget-container\">\n\t\t\t\t\t\n\t\t<div class=\"ova-heading\">\n\t\t\t\t\t\t\t<p class=\"subtitle\">\u0627\u0644\u0623\u0633\u0626\u0644\u0629 \u0627\u0644\u0634\u0627\u0626\u0639\u0629<\/p>\n\t\t\t\t\t\t\n\t\t\t\t\t\t\t\t\t<h2 class=\"title\">\u0627\u0644\u0623\u0633\u0626\u0644\u0629 \u0627\u0644\u0645\u062a\u0643\u0631\u0631\u0629 \u062d\u0648\u0644 \u0627\u0644\u0641\u0646\u062f\u0642<\/h2>\n\t\t\t\t\n\t\t\t\t\t\t\t\t<\/div>\n\n\t\t\t\t\t\t<\/div>\n\t\t\t\t<\/div>\n\t\t\t\t\t<\/div>\n\t\t<\/div>\n\t\t\t\t\t<\/div>\n\t\t<\/section>\n\t\t\t\t<section class=\"elementor-section elementor-top-section elementor-element elementor-element-2773dc9 elementor-section-boxed elementor-section-height-default elementor-section-height-default\" data-id=\"2773dc9\" data-element_type=\"section\">\n\t\t\t\t\t\t<div class=\"elementor-container elementor-column-gap-default\">\n\t\t\t\t\t<div class=\"elementor-column elementor-col-50 elementor-top-column elementor-element elementor-element-fd5bd47\" data-id=\"fd5bd47\" data-element_type=\"column\">\n\t\t\t<div class=\"elementor-widget-wrap elementor-element-populated\">\n\t\t\t\t\t\t<div class=\"elementor-element elementor-element-0191557 elementor-widget elementor-widget-qomfort_elementor_heading\" data-id=\"0191557\" data-element_type=\"widget\" data-widget_type=\"qomfort_elementor_heading.default\">\n\t\t\t\t<div class=\"elementor-widget-container\">\n\t\t\t\t\t\n\t\t<div class=\"ova-heading\">\n\t\t\t\t\t\t\t<p class=\"subtitle\">\u0627\u0644\u0623\u0633\u0626\u0644\u0629 \u0627\u0644\u0634\u0627\u0626\u0639\u0629<\/p>\n\t\t\t\t\t\t\n\t\t\t\t\t\t\t\t\t<h2 class=\"title\">\u0627\u0644\u0623\u0633\u0626\u0644\u0629 \u0627\u0644\u0645\u062a\u0643\u0631\u0631\u0629 \u062d\u0648\u0644 \u0627\u0644\u0645\u0648\u0642\u0639<\/h2>\n\t\t\t\t\n\t\t\t\t\t\t\t\t<\/div>\n\n\t\t\t\t\t\t<\/div>\n\t\t\t\t<\/div>\n\t\t\t\t<div class=\"elementor-element elementor-element-926adc9 elementor-widget elementor-widget-accordion\" data-id=\"926adc9\" data-element_type=\"widget\" data-widget_type=\"accordion.default\">\n\t\t\t\t<div class=\"elementor-widget-container\">\n\t\t\t\t\t\t\t<div class=\"elementor-accordion\" role=\"tablist\">\n\t\t\t\t\t\t\t<div class=\"elementor-accordion-item\">\n\t\t\t\t\t<div id=\"elementor-tab-title-1531\" class=\"elementor-tab-title\" data-tab=\"1\" role=\"tab\" aria-controls=\"elementor-tab-content-1531\" aria-expanded=\"false\">\n\t\t\t\t\t\t\t\t\t\t\t\t\t<span class=\"elementor-accordion-icon elementor-accordion-icon-right\" aria-hidden=\"true\">\n\t\t\t\t\t\t\t\t\t\t\t\t\t\t\t<span class=\"elementor-accordion-icon-closed\"><svg class=\"e-font-icon-svg e-fas-plus\" viewbox=\"0 0 448 512\" xmlns=\"http:\/\/www.w3.org\/2000\/svg\"><path d=\"M416 208H272V64c0-17.67-14.33-32-32-32h-32c-17.67 0-32 14.33-32 32v144H32c-17.67 0-32 14.33-32 32v32c0 17.67 14.33 32 32 32h144v144c0 17.67 14.33 32 32 32h32c17.67 0 32-14.33 32-32V304h144c17.67 0 32-14.33 32-32v-32c0-17.67-14.33-32-32-32z\"><\/path><\/svg><\/span>\n\t\t\t\t\t\t\t\t<span class=\"elementor-accordion-icon-opened\"><svg class=\"e-font-icon-svg e-fas-minus\" viewbox=\"0 0 448 512\" xmlns=\"http:\/\/www.w3.org\/2000\/svg\"><path d=\"M416 208H32c-17.67 0-32 14.33-32 32v32c0 17.67 14.33 32 32 32h384c17.67 0 32-14.33 32-32v-32c0-17.67-14.33-32-32-32z\"><\/path><\/svg><\/span>\n\t\t\t\t\t\t\t\t\t\t\t\t\t\t<\/span>\n\t\t\t\t\t\t\t\t\t\t\t\t<a href=\"#\" class=\"elementor-accordion-title\" tabindex=\"0\">01. \u0643\u064a\u0641 \u064a\u0645\u0643\u0646\u0646\u064a \u0639\u0631\u0636 \u062d\u062c\u0648\u0632\u0627\u062a\u064a \u0639\u0644\u0649 \u0645\u0648\u0642\u0639\u0643\u0645\u061f<\/a>\n\t\t\t\t\t<\/div>\n\t\t\t\t\t<div id=\"elementor-tab-content-1531\" class=\"elementor-tab-content elementor-clearfix\" data-tab=\"1\" role=\"tabpanel\" aria-labelledby=\"elementor-tab-title-1531\"><p>\u00a0\u064a\u062c\u0628 \u0639\u0644\u064a\u0643 \u062a\u0633\u062c\u064a\u0644 \u0627\u0644\u062f\u062e\u0648\u0644 \u0625\u0644\u0649 \u062d\u0633\u0627\u0628\u0643 \u0639\u0644\u0649 \u0627\u0644\u0645\u0648\u0642\u0639 \u0628\u0627\u0633\u062a\u062e\u062f\u0627\u0645 \u0628\u064a\u0627\u0646\u0627\u062a\u0643. \u0628\u0645\u062c\u0631\u062f \u062a\u0633\u062c\u064a\u0644 \u0627\u0644\u062f\u062e\u0648\u0644\u060c \u0633\u062a\u062c\u062f \u0635\u0641\u062d\u0629 \u062d\u062c\u0648\u0632\u0627\u062a\u064a \u0644\u0639\u0631\u0636 \u062c\u0645\u064a\u0639 \u062d\u062c\u0648\u0632\u0627\u062a\u0643 \u0627\u0644\u0633\u0627\u0628\u0642\u0629 \u0648\u0627\u0644\u0645\u0633\u062a\u0642\u0628\u0644\u064a\u0629.<\/p><\/div>\n\t\t\t\t<\/div>\n\t\t\t\t\t\t\t<div class=\"elementor-accordion-item\">\n\t\t\t\t\t<div id=\"elementor-tab-title-1532\" class=\"elementor-tab-title\" data-tab=\"2\" role=\"tab\" aria-controls=\"elementor-tab-content-1532\" aria-expanded=\"false\">\n\t\t\t\t\t\t\t\t\t\t\t\t\t<span class=\"elementor-accordion-icon elementor-accordion-icon-right\" aria-hidden=\"true\">\n\t\t\t\t\t\t\t\t\t\t\t\t\t\t\t<span class=\"elementor-accordion-icon-closed\"><svg class=\"e-font-icon-svg e-fas-plus\" viewbox=\"0 0 448 512\" xmlns=\"http:\/\/www.w3.org\/2000\/svg\"><path d=\"M416 208H272V64c0-17.67-14.33-32-32-32h-32c-17.67 0-32 14.33-32 32v144H32c-17.67 0-32 14.33-32 32v32c0 17.67 14.33 32 32 32h144v144c0 17.67 14.33 32 32 32h32c17.67 0 32-14.33 32-32V304h144c17.67 0 32-14.33 32-32v-32c0-17.67-14.33-32-32-32z\"><\/path><\/svg><\/span>\n\t\t\t\t\t\t\t\t<span class=\"elementor-accordion-icon-opened\"><svg class=\"e-font-icon-svg e-fas-minus\" viewbox=\"0 0 448 512\" xmlns=\"http:\/\/www.w3.org\/2000\/svg\"><path d=\"M416 208H32c-17.67 0-32 14.33-32 32v32c0 17.67 14.33 32 32 32h384c17.67 0 32-14.33 32-32v-32c0-17.67-14.33-32-32-32z\"><\/path><\/svg><\/span>\n\t\t\t\t\t\t\t\t\t\t\t\t\t\t<\/span>\n\t\t\t\t\t\t\t\t\t\t\t\t<a href=\"#\" class=\"elementor-accordion-title\" tabindex=\"0\">02. \u0647\u0644 \u0645\u0646 \u0627\u0644\u0645\u0645\u0643\u0646 \u0625\u0636\u0627\u0641\u0629 \u062e\u062f\u0645\u0627\u062a \u0625\u0636\u0627\u0641\u064a\u0629 \u0628\u0639\u062f \u0625\u062c\u0631\u0627\u0621 \u0627\u0644\u062d\u062c\u0632\u061f<\/a>\n\t\t\t\t\t<\/div>\n\t\t\t\t\t<div id=\"elementor-tab-content-1532\" class=\"elementor-tab-content elementor-clearfix\" data-tab=\"2\" role=\"tabpanel\" aria-labelledby=\"elementor-tab-title-1532\"><p>\u0646\u0639\u0645\u060c \u0639\u0644\u0649 \u0635\u0641\u062d\u0629 \u0627\u0644\u0639\u0645\u064a\u0644 \u0627\u0644\u062e\u0627\u0635\u0629 \u0628\u0643\u060c \u064a\u0645\u0643\u0646\u0643 \u0625\u0636\u0627\u0641\u0629 \u062e\u062f\u0645\u0627\u062a \u0625\u0636\u0627\u0641\u064a\u0629 \u0625\u0644\u0649 \u062d\u062c\u0632\u0643. \u0627\u0633\u062a\u0643\u0634\u0641 \u0627\u0644\u062e\u064a\u0627\u0631\u0627\u062a \u0627\u0644\u0645\u062a\u0627\u062d\u0629 \u0648\u0642\u0645 \u0628\u062a\u0639\u062f\u064a\u0644 \u0625\u0642\u0627\u0645\u062a\u0643.<\/p><\/div>\n\t\t\t\t<\/div>\n\t\t\t\t\t\t\t<div class=\"elementor-accordion-item\">\n\t\t\t\t\t<div id=\"elementor-tab-title-1533\" class=\"elementor-tab-title\" data-tab=\"3\" role=\"tab\" aria-controls=\"elementor-tab-content-1533\" aria-expanded=\"false\">\n\t\t\t\t\t\t\t\t\t\t\t\t\t<span class=\"elementor-accordion-icon elementor-accordion-icon-right\" aria-hidden=\"true\">\n\t\t\t\t\t\t\t\t\t\t\t\t\t\t\t<span class=\"elementor-accordion-icon-closed\"><svg class=\"e-font-icon-svg e-fas-plus\" viewbox=\"0 0 448 512\" xmlns=\"http:\/\/www.w3.org\/2000\/svg\"><path d=\"M416 208H272V64c0-17.67-14.33-32-32-32h-32c-17.67 0-32 14.33-32 32v144H32c-17.67 0-32 14.33-32 32v32c0 17.67 14.33 32 32 32h144v144c0 17.67 14.33 32 32 32h32c17.67 0 32-14.33 32-32V304h144c17.67 0 32-14.33 32-32v-32c0-17.67-14.33-32-32-32z\"><\/path><\/svg><\/span>\n\t\t\t\t\t\t\t\t<span class=\"elementor-accordion-icon-opened\"><svg class=\"e-font-icon-svg e-fas-minus\" viewbox=\"0 0 448 512\" xmlns=\"http:\/\/www.w3.org\/2000\/svg\"><path d=\"M416 208H32c-17.67 0-32 14.33-32 32v32c0 17.67 14.33 32 32 32h384c17.67 0 32-14.33 32-32v-32c0-17.67-14.33-32-32-32z\"><\/path><\/svg><\/span>\n\t\t\t\t\t\t\t\t\t\t\t\t\t\t<\/span>\n\t\t\t\t\t\t\t\t\t\t\t\t<a href=\"#\" class=\"elementor-accordion-title\" tabindex=\"0\">03. \u0643\u064a\u0641 \u064a\u0645\u0643\u0646\u0646\u064a \u0625\u0631\u0633\u0627\u0644 \u0637\u0644\u0628 \u062a\u0639\u062f\u064a\u0644 \u0644\u0644\u062d\u062c\u0632\u061f<\/a>\n\t\t\t\t\t<\/div>\n\t\t\t\t\t<div id=\"elementor-tab-content-1533\" class=\"elementor-tab-content elementor-clearfix\" data-tab=\"3\" role=\"tabpanel\" aria-labelledby=\"elementor-tab-title-1533\"><p>\u0639\u0644\u0649 \u0635\u0641\u062d\u0629 \u0627\u0644\u0639\u0645\u064a\u0644\u060c \u0633\u062a\u062c\u062f \u0645\u064a\u0632\u0629 \u062e\u0627\u0635\u0629 \u0644\u0637\u0644\u0628\u0627\u062a \u062a\u0639\u062f\u064a\u0644 \u0627\u0644\u062d\u062c\u0632. \u0627\u062a\u0628\u0639 \u0627\u0644\u062e\u0637\u0648\u0627\u062a \u0627\u0644\u0628\u0633\u064a\u0637\u0629 \u0644\u0625\u0628\u0644\u0627\u063a \u0639\u0646 \u0627\u0644\u062a\u063a\u064a\u064a\u0631\u0627\u062a \u0627\u0644\u062a\u064a \u062a\u0648\u062f \u062a\u0646\u0641\u064a\u0630\u0647\u0627.<\/p><\/div>\n\t\t\t\t<\/div>\n\t\t\t\t\t\t\t<div class=\"elementor-accordion-item\">\n\t\t\t\t\t<div id=\"elementor-tab-title-1534\" class=\"elementor-tab-title\" data-tab=\"4\" role=\"tab\" aria-controls=\"elementor-tab-content-1534\" aria-expanded=\"false\">\n\t\t\t\t\t\t\t\t\t\t\t\t\t<span class=\"elementor-accordion-icon elementor-accordion-icon-right\" aria-hidden=\"true\">\n\t\t\t\t\t\t\t\t\t\t\t\t\t\t\t<span class=\"elementor-accordion-icon-closed\"><svg class=\"e-font-icon-svg e-fas-plus\" viewbox=\"0 0 448 512\" xmlns=\"http:\/\/www.w3.org\/2000\/svg\"><path d=\"M416 208H272V64c0-17.67-14.33-32-32-32h-32c-17.67 0-32 14.33-32 32v144H32c-17.67 0-32 14.33-32 32v32c0 17.67 14.33 32 32 32h144v144c0 17.67 14.33 32 32 32h32c17.67 0 32-14.33 32-32V304h144c17.67 0 32-14.33 32-32v-32c0-17.67-14.33-32-32-32z\"><\/path><\/svg><\/span>\n\t\t\t\t\t\t\t\t<span class=\"elementor-accordion-icon-opened\"><svg class=\"e-font-icon-svg e-fas-minus\" viewbox=\"0 0 448 512\" xmlns=\"http:\/\/www.w3.org\/2000\/svg\"><path d=\"M416 208H32c-17.67 0-32 14.33-32 32v32c0 17.67 14.33 32 32 32h384c17.67 0 32-14.33 32-32v-32c0-17.67-14.33-32-32-32z\"><\/path><\/svg><\/span>\n\t\t\t\t\t\t\t\t\t\t\t\t\t\t<\/span>\n\t\t\t\t\t\t\t\t\t\t\t\t<a href=\"#\" class=\"elementor-accordion-title\" tabindex=\"0\">04. \u0643\u064a\u0641 \u064a\u0645\u0643\u0646\u0646\u064a \u0627\u0644\u062a\u062d\u062f\u062b \u0641\u064a \u0627\u0644\u0648\u0642\u062a \u0627\u0644\u062d\u0642\u064a\u0642\u064a \u0645\u0639 \u0645\u0648\u0638\u0641 \u0627\u0644\u0627\u0633\u062a\u0642\u0628\u0627\u0644\u061f<\/a>\n\t\t\t\t\t<\/div>\n\t\t\t\t\t<div id=\"elementor-tab-content-1534\" class=\"elementor-tab-content elementor-clearfix\" data-tab=\"4\" role=\"tabpanel\" aria-labelledby=\"elementor-tab-title-1534\"><p>\u0627\u0633\u062a\u062e\u062f\u0645 \u0648\u0638\u064a\u0641\u0629 \u0627\u0644\u062f\u0631\u062f\u0634\u0629 \u0627\u0644\u0645\u062a\u0627\u062d\u0629 \u0639\u0644\u0649 \u0635\u0641\u062d\u0629 \u0627\u0644\u062d\u062c\u0632 \u0627\u0644\u062e\u0627\u0635\u0629 \u0628\u0643 \u0644\u0644\u062a\u0648\u0627\u0635\u0644 \u0645\u0628\u0627\u0634\u0631\u0629 \u0645\u0639 \u0627\u0644\u0627\u0633\u062a\u0642\u0628\u0627\u0644.\u00a0<\/p><\/div>\n\t\t\t\t<\/div>\n\t\t\t\t\t\t\t\t<\/div>\n\t\t\t\t\t\t<\/div>\n\t\t\t\t<\/div>\n\t\t\t\t\t<\/div>\n\t\t<\/div>\n\t\t\t\t<div class=\"elementor-column elementor-col-50 elementor-top-column elementor-element elementor-element-1ab5ca5\" data-id=\"1ab5ca5\" data-element_type=\"column\">\n\t\t\t<div class=\"elementor-widget-wrap elementor-element-populated\">\n\t\t\t\t\t\t<div class=\"elementor-element elementor-element-fa6fa0a elementor-widget__width-initial elementor-widget-tablet__width-inherit elementor-widget elementor-widget-image\" data-id=\"fa6fa0a\" data-element_type=\"widget\" data-widget_type=\"image.default\">\n\t\t\t\t<div class=\"elementor-widget-container\">\n\t\t\t\t\t\t\t\t\t\t\t\t\t\t\t<img decoding=\"async\" src=\"https:\/\/www.hotellecalife.com\/wp-content\/uploads\/elementor\/thumbs\/front-view-hands-using-smartphone-r01crhqvugi2j3zgrgs7pqpewgvb293k3jfcsqm1rk.webp\" title=\"front-view-hands-using-smartphone\" alt=\"front-view-hands-using-smartphone\" loading=\"lazy\" \/>\t\t\t\t\t\t\t\t\t\t\t\t\t\t\t<\/div>\n\t\t\t\t<\/div>\n\t\t\t\t\t<\/div>\n\t\t<\/div>\n\t\t\t\t\t<\/div>\n\t\t<\/section>\n\t\t\t\t<\/div>","protected":false},"excerpt":{"rendered":"<p>Questions fr\u00e9quemment pos\u00e9es Bienvenue dans la Foire Aux Questions (FAQ) ! Cette section est con\u00e7ue pour r\u00e9pondre aux interrogations les plus fr\u00e9quentes sur l\u2019H\u00f4tel Le Calife et son site web. Explorez les questions ci-dessous pour obtenir des informations utiles sur les chambres, les services, les r\u00e9servations en ligne, et bien plus encore. FAQs Questions fr\u00e9quemment [&hellip;]<\/p>","protected":false},"author":1,"featured_media":0,"parent":0,"menu_order":0,"comment_status":"closed","ping_status":"closed","template":"elementor_header_footer","meta":{"footnotes":"","_glsr_average":0,"_glsr_ranking":0,"_glsr_reviews":0},"aioseo_notices":[],"_links":{"self":[{"href":"https:\/\/www.hotellecalife.com\/ar\/wp-json\/wp\/v2\/pages\/428"}],"collection":[{"href":"https:\/\/www.hotellecalife.com\/ar\/wp-json\/wp\/v2\/pages"}],"about":[{"href":"https:\/\/www.hotellecalife.com\/ar\/wp-json\/wp\/v2\/types\/page"}],"author":[{"embeddable":true,"href":"https:\/\/www.hotellecalife.com\/ar\/wp-json\/wp\/v2\/users\/1"}],"replies":[{"embeddable":true,"href":"https:\/\/www.hotellecalife.com\/ar\/wp-json\/wp\/v2\/comments?post=428"}],"version-history":[{"count":47,"href":"https:\/\/www.hotellecalife.com\/ar\/wp-json\/wp\/v2\/pages\/428\/revisions"}],"predecessor-version":[{"id":8654,"href":"https:\/\/www.hotellecalife.com\/ar\/wp-json\/wp\/v2\/pages\/428\/revisions\/8654"}],"wp:attachment":[{"href":"https:\/\/www.hotellecalife.com\/ar\/wp-json\/wp\/v2\/media?parent=428"}],"curies":[{"name":"wp","href":"https:\/\/api.w.org\/{rel}","templated":true}]}}