{"id":5688,"date":"2023-12-28T16:55:46","date_gmt":"2023-12-28T15:55:46","guid":{"rendered":"https:\/\/www.hotellecalife.com\/packs\/"},"modified":"2025-01-20T11:00:28","modified_gmt":"2025-01-20T10:00:28","slug":"offres-promotions","status":"publish","type":"page","link":"https:\/\/www.hotellecalife.com\/en\/offres-promotions\/","title":{"rendered":"Offers and Promotions"},"content":{"rendered":"<div data-elementor-type=\"wp-page\" data-elementor-id=\"5688\" class=\"elementor elementor-5688\">\n\t\t\t\t<div class=\"elementor-element elementor-element-6a05294 e-flex e-con-boxed e-con e-parent\" data-id=\"6a05294\" data-element_type=\"container\" data-settings=\"{&quot;background_background&quot;:&quot;classic&quot;}\">\n\t\t\t\t\t<div class=\"e-con-inner\">\n\t\t\t\t<div class=\"elementor-element elementor-element-3de14f3 elementor-widget elementor-widget-heading\" data-id=\"3de14f3\" data-element_type=\"widget\" data-widget_type=\"heading.default\">\n\t\t\t\t<div class=\"elementor-widget-container\">\n\t\t\t\t\t<h1 class=\"elementor-heading-title elementor-size-default\">Offers and Promotions<\/h1>\t\t\t\t<\/div>\n\t\t\t\t<\/div>\n\t\t\t\t<div class=\"elementor-element elementor-element-8230817 elementor-widget elementor-widget-text-editor\" data-id=\"8230817\" data-element_type=\"widget\" data-widget_type=\"text-editor.default\">\n\t\t\t\t<div class=\"elementor-widget-container\">\n\t\t\t\t\t\t\t\t\t<p>Discover the special offers and enjoy an exceptional stay at advantageous rates. There is a variety of attractive offers to make your getaway even more memorable.<\/p>\t\t\t\t\t\t\t\t<\/div>\n\t\t\t\t<\/div>\n\t\t\t\t\t<\/div>\n\t\t\t\t<\/div>\n\t\t<div class=\"elementor-element elementor-element-77e72019 e-flex e-con-boxed e-con e-parent\" data-id=\"77e72019\" data-element_type=\"container\">\n\t\t\t\t\t<div class=\"e-con-inner\">\n\t\t\t\t<div class=\"elementor-element elementor-element-bd959cf elementor-widget elementor-widget-image\" data-id=\"bd959cf\" data-element_type=\"widget\" data-widget_type=\"image.default\">\n\t\t\t\t<div class=\"elementor-widget-container\">\n\t\t\t\t\t\t\t\t\t\t\t\t\t\t\t<img decoding=\"async\" width=\"500\" height=\"68\" src=\"https:\/\/www.hotellecalife.com\/wp-content\/uploads\/2024\/01\/Separation-e1704739096304.png\" class=\"attachment-large size-large wp-image-6176\" alt=\"\" srcset=\"https:\/\/www.hotellecalife.com\/wp-content\/uploads\/2024\/01\/Separation-e1704739096304.png 500w, https:\/\/www.hotellecalife.com\/wp-content\/uploads\/2024\/01\/Separation-e1704739096304-300x41.png 300w\" sizes=\"(max-width: 500px) 100vw, 500px\" \/>\t\t\t\t\t\t\t\t\t\t\t\t\t\t\t<\/div>\n\t\t\t\t<\/div>\n\t\t\t\t<div class=\"elementor-element elementor-element-376660bf elementor-widget elementor-widget-shortcode\" data-id=\"376660bf\" data-element_type=\"widget\" data-widget_type=\"shortcode.default\">\n\t\t\t\t<div class=\"elementor-widget-container\">\n\t\t\t\t\t\t\t<div class=\"elementor-shortcode\">\n<div class=\"wrap plugin-container\">\n\n\t\n\t\n\t<h3 class=\"vbclistheadt\">No active packages found<\/h3>\n\t\n<\/div>\n<\/div>\n\t\t\t\t\t\t<\/div>\n\t\t\t\t<\/div>\n\t\t\t\t\t<\/div>\n\t\t\t\t<\/div>\n\t\t\t\t<\/div>","protected":false},"excerpt":{"rendered":"<p>Offres et Promotions D\u00e9couvrez les offres sp\u00e9ciales et profitez d&#8217;un s\u00e9jour exceptionnel \u00e0 des tarifs avantageux. Il y a une vari\u00e9t\u00e9 d&#8217;offres attractives pour rendre votre escapade encore plus m\u00e9morable.<\/p>","protected":false},"author":1,"featured_media":0,"parent":0,"menu_order":0,"comment_status":"closed","ping_status":"closed","template":"elementor_header_footer","meta":{"footnotes":"","_glsr_average":0,"_glsr_ranking":0,"_glsr_reviews":0},"aioseo_notices":[],"_links":{"self":[{"href":"https:\/\/www.hotellecalife.com\/en\/wp-json\/wp\/v2\/pages\/5688"}],"collection":[{"href":"https:\/\/www.hotellecalife.com\/en\/wp-json\/wp\/v2\/pages"}],"about":[{"href":"https:\/\/www.hotellecalife.com\/en\/wp-json\/wp\/v2\/types\/page"}],"author":[{"embeddable":true,"href":"https:\/\/www.hotellecalife.com\/en\/wp-json\/wp\/v2\/users\/1"}],"replies":[{"embeddable":true,"href":"https:\/\/www.hotellecalife.com\/en\/wp-json\/wp\/v2\/comments?post=5688"}],"version-history":[{"count":40,"href":"https:\/\/www.hotellecalife.com\/en\/wp-json\/wp\/v2\/pages\/5688\/revisions"}],"predecessor-version":[{"id":8635,"href":"https:\/\/www.hotellecalife.com\/en\/wp-json\/wp\/v2\/pages\/5688\/revisions\/8635"}],"wp:attachment":[{"href":"https:\/\/www.hotellecalife.com\/en\/wp-json\/wp\/v2\/media?parent=5688"}],"curies":[{"name":"wp","href":"https:\/\/api.w.org\/{rel}","templated":true}]}}